{"id":12,"date":"2023-11-29T13:53:21","date_gmt":"2023-11-29T13:53:21","guid":{"rendered":"https:\/\/maria-libront.de\/home\/"},"modified":"2023-12-03T16:47:51","modified_gmt":"2023-12-03T16:47:51","slug":"home","status":"publish","type":"page","link":"https:\/\/maria-libront.de\/ru\/","title":{"rendered":"\u041d\u0430\u0447\u0430\u0442\u044c"},"content":{"rendered":"<div class=\"wp-block-group alignfull has-primary-background-color has-background mb-0\"><div class=\"wp-block-group__inner-container is-layout-flow wp-block-group-is-layout-flow\">\n<h1 class=\"wp-block-heading has-text-align-center has-huge-font-size\" style=\"font-size:39px\"> \u0425\u043e\u0440\u043e\u0448\u0438\u0435 \u043e\u0442\u043d\u043e\u0448\u0435\u043d\u0438\u044f \u0434\u0435\u043b\u0430\u044e\u0442 \u043d\u0430\u0441 \u0441\u0447\u0430\u0441\u0442\u043b\u0438\u0432\u0435\u0435 \u0438 \u0437\u0434\u043e\u0440\u043e\u0432\u0435\u0435. <\/h1>\n\n\n\n<h1 class=\"wp-block-heading has-text-align-center has-huge-font-size\" style=\"font-size:39px\">\u044d\u0442\u043e \u0442\u043e, \u0447\u0442\u043e \u0434\u0435\u0439\u0441\u0442\u0432\u0438\u0442\u0435\u043b\u044c\u043d\u043e \u043d\u0435\u043e\u0431\u0445\u043e\u0434\u0438\u043c\u043e \u0434\u043b\u044f \u0441\u0447\u0430\u0441\u0442\u043b\u0438\u0432\u043e\u0439 \u0436\u0438\u0437\u043d\u0438. <\/h1>\n\n\n\n<h1 class=\"wp-block-heading has-text-align-center has-huge-font-size\" style=\"font-size:19px\">(\u0420\u043e\u0431\u0435\u0440\u0442 \u0414\u0436. \u0423\u043e\u043b\u0434\u0438\u043d\u0433\u0435\u0440) <\/h1>\n<\/div><\/div>\n\n\n<div class=\"wp-block-coblocks-shape-divider alignfull coblocks-shape-divider-824164346836 is-style-waves has-primary-color is-vertically-flipped is-horizontally-flipped mt-0 mb-0\" style=\"\" aria-hidden=\"true\">\n\t\t\t<div class=\"wp-block-coblocks-shape-divider__svg-wrapper\" style=\"height:100px;\">\n\t\t\t\t<svg class=\"divider--waves\" fill=\"\" xmlns=\"http:\/\/www.w3.org\/2000\/svg\" viewbox=\"0 0 1000 300\" preserveaspectratio=\"none\"><path d=\"M 1000 299 l 2 -279 c -155 -36 -310 135 -415 164 c -102.64 28.35 -149 -32 -232 -31 c -80 1 -142 53 -229 80 c -65.54 20.34 -101 15 -126 11.61 v 54.39 z\"><\/path><path d=\"M 1000 286 l 2 -252 c -157 -43 -302 144 -405 178 c -101.11 33.38 -159 -47 -242 -46 c -80 1 -145.09 54.07 -229 87 c -65.21 25.59 -104.07 16.72 -126 10.61 v 22.39 z\"><\/path><path d=\"M 1000 300 l 1 -230.29 c -217 -12.71 -300.47 129.15 -404 156.29 c -103 27 -174 -30 -257 -29 c -80 1 -130.09 37.07 -214 70 c -61.23 24 -108 15.61 -126 10.61 v 22.39 z\"><\/path><\/svg>\n\t\t\t<\/div>\n\t\t\t<div class=\"wp-block-coblocks-shape-divider__alt-wrapper\" style=\"height:50px;\"><\/div>\n\t\t<\/div>\n\n\n<h2 class=\"wp-block-heading has-text-align-center has-large-font-size\">\u0420\u0430\u0434\u0430 \u043f\u0440\u0438\u0432\u0435\u0442\u0441\u0442\u0432\u043e\u0432\u0430\u0442\u044c \u0412\u0430\u0441 \u043d\u0430 \u043c\u043e\u0435\u0439 \u0441\u0442\u0440\u0430\u043d\u0438\u0446\u0435! <\/h2>\n\n\n\n<h2 class=\"wp-block-heading has-text-align-center has-large-font-size\">\u042f \u043f\u043e\u0434\u0434\u0435\u0440\u0436\u0443 \u0412\u0430\u0441 \u0432 \u0441\u043e\u0437\u0434\u0430\u043d\u0438\u0438 \u043a\u0440\u0435\u043f\u043a\u0438\u0445 \u0438 \u0437\u0434\u043e\u0440\u043e\u0432\u044b\u0445 \u043e\u0442\u043d\u043e\u0448\u0435\u043d\u0438\u0439. <\/h2>\n\n\n\n<p class=\"has-text-align-center\">\u041c\u0435\u043d\u044f \u0437\u043e\u0432\u0443\u0442 \u041c\u0430\u0440\u0438\u044f \u041b\u0438\u0431\u0440\u043e\u043d\u0442. \u042f \u0434\u0438\u043f\u043b\u043e\u043c\u0438\u0440\u043e\u0432\u0430\u043d\u043d\u044b\u0439 \u0441\u043e\u0446\u0438\u0430\u043b\u044c\u043d\u044b\u0439 \u043f\u0435\u0434\u0430\u0433\u043e\u0433, \u0441\u043f\u0435\u0446\u0438\u0430\u043b\u0438\u0441\u0442 \u043f\u043e \u0441\u0435\u043c\u0435\u0439\u043d\u043e\u0439 \u0442\u0435\u0440\u0430\u043f\u0438\u0438, \u0430 \u0442\u0430\u043a\u0436\u0435 \u043c\u0430\u0442\u044c \u0434\u0432\u0443\u0445 \u0434\u0435\u0442\u0435\u0439-\u043f\u043e\u0434\u0440\u043e\u0441\u0442\u043a\u043e\u0432, \u043a\u043e\u0442\u043e\u0440\u044b\u0435 \u0434\u0435\u0440\u0436\u0430\u0442 \u043c\u0435\u043d\u044f \u0438 \u043c\u043e\u0435\u0433\u043e \u043c\u0443\u0436\u0430 \u0432 \u0442\u043e\u043d\u0443\u0441\u0435. <\/p>\n\n\n\n<p class=\"has-text-align-center coblocks-animate\" data-coblocks-animation=\"zoomIn\"><strong>\u042f \u043e\u0431\u0449\u0430\u044e\u0441\u044c \u043d\u0430 \u043d\u0435\u043c\u0435\u0446\u043a\u043e\u043c \u0438 \u0440\u0443\u0441\u0441\u043a\u043e\u043c \u044f\u0437\u044b\u043a\u0430\u0445.<\/strong><\/p>\n\n\n\n<hr class=\"wp-block-separator has-css-opacity is-style-default\"\/>\n\n\n\n<p class=\"has-text-align-center\">\u0412\u044b \u043c\u043e\u0436\u0435\u0442\u0435 \u0441\u0432\u044f\u0437\u0430\u0442\u044c\u0441\u044f \u0441\u043e \u043c\u043d\u043e\u0439 \u0434\u043b\u044f \u043f\u0440\u043e\u0444\u0435\u0441\u0441\u0438\u043e\u043d\u0430\u043b\u044c\u043d\u043e\u0439 \u043f\u043e\u0434\u0434\u0435\u0440\u0436\u043a\u0438 \u0432 \u0432\u0430\u0448\u0435\u043c \u0441\u0442\u0440\u0435\u043c\u043b\u0435\u043d\u0438\u0438 \u043a \u043f\u043e\u0437\u0438\u0442\u0438\u0432\u043d\u044b\u043c \u0438\u0437\u043c\u0435\u043d\u0435\u043d\u0438\u044f\u043c \u0432 \u043e\u0442\u043d\u043e\u0448\u0435\u043d\u0438\u044f\u0445, \u043f\u0440\u0438 \u0432\u043e\u0441\u043f\u0438\u0442\u0430\u0442\u0435\u043b\u044c\u043d\u044b\u0445 \u043f\u0440\u043e\u0431\u043b\u0435\u043c\u0430\u0445 \u0438\u043b\u0438 \u0434\u043b\u044f \u0443\u043b\u0443\u0447\u0448\u0435\u043d\u0438\u044f \u0412\u0430\u0448\u0435\u0439 \u043f\u0435\u0434\u0430\u0433\u043e\u0433\u0438\u0447\u0435\u0441\u043a\u043e\u0439 \u043f\u043e\u0434\u0433\u043e\u0442\u043e\u0432\u043a\u0438.<\/p>\n\n\n\n<div class=\"wp-block-coblocks-services alignwide is-style-circle\"><div class=\"is-style-circle has-columns has-3-columns has-responsive-columns has-medium-gutter\">\n<div class=\"wp-block-coblocks-service\"><figure class=\"wp-block-coblocks-service__figure\"><img decoding=\"async\" src=\"https:\/\/maria-libront.de\/wp-content\/uploads\/2023\/11\/image-1.jpg\" alt=\"Bildbeschreibung\"\/><\/figure><div class=\"wp-block-coblocks-service__content\">\n<h3 class=\"wp-block-heading has-text-align-center has-medium-font-size\"><a href=\"https:\/\/maria-libront.de\/ru\/kontakt\/\">\u0421\u0435\u043c\u0435\u0439\u043d\u0430\u044f \u0442\u0435\u0440\u0430\u043f\u0438\u044f<\/a><\/h3>\n\n\n\n<p class=\"has-text-align-center\">\u041c\u043e\u0439 \u043f\u043e\u0434\u0445\u043e\u0434 \u043e\u0441\u043d\u043e\u0432\u0430\u043d \u043d\u0430 \u0441\u0438\u0441\u0442\u0435\u043c\u043d\u044b\u0445 \u0438 \u044d\u043c\u043e\u0446\u0438\u043e\u043d\u0430\u043b\u044c\u043d\u043e \u043e\u0440\u0438\u0435\u043d\u0442\u0438\u0440\u043e\u0432\u0430\u043d\u043d\u044b\u0445 \u043c\u0435\u0442\u043e\u0434\u0430\u0445, \u043d\u0430\u043f\u0440\u0430\u0432\u043b\u0435\u043d\u043d\u044b\u0445 \u043d\u0430 \u0440\u0430\u0437\u0440\u0435\u0448\u0435\u043d\u0438\u0435 \u043a\u043e\u043d\u0444\u043b\u0438\u043a\u0442\u043e\u0432, \u0443\u043b\u0443\u0447\u0448\u0435\u043d\u0438\u0435 \u043a\u043e\u043c\u043c\u0443\u043d\u0438\u043a\u0430\u0446\u0438\u0438 \u0438 \u0443\u043a\u0440\u0435\u043f\u043b\u0435\u043d\u0438\u0435 \u043e\u0442\u043d\u043e\u0448\u0435\u043d\u0438\u0439 \u2013 \u043d\u0435\u0437\u0430\u0432\u0438\u0441\u0438\u043c\u043e \u043e\u0442 \u0442\u0435\u043a\u0443\u0449\u0435\u0433\u043e \u0441\u0442\u0430\u0442\u0443\u0441\u0430 \u0432 \u043e\u0442\u043d\u043e\u0448\u0435\u043d\u0438\u044f\u0445.<\/p>\n<\/div><\/div>\n\n\n\n<div class=\"wp-block-coblocks-service\"><figure class=\"wp-block-coblocks-service__figure\"><img decoding=\"async\" src=\"https:\/\/maria-libront.de\/wp-content\/uploads\/2023\/11\/image-2.jpg\" alt=\"Bildbeschreibung\"\/><\/figure><div class=\"wp-block-coblocks-service__content\">\n<h3 class=\"wp-block-heading has-text-align-center has-medium-font-size\"><a href=\"https:\/\/maria-libront.de\/ru\/familienhilfe\/\">\u0421\u0435\u043c\u0435\u0439\u043d\u0430\u044f \u043f\u043e\u043c\u043e\u0449\u044c<\/a> &#8211; <a href=\"https:\/\/maria-libront.de\/ru\/kinderschutzberatung\/\">\u041a\u043e\u043d\u0441\u0443\u043b\u044c\u0442\u0430\u0446\u0438\u0438 \u043f\u043e \u0437\u0430\u0449\u0438\u0442\u0435 \u043f\u0440\u0430\u0432 \u0434\u0435\u0442\u0435\u0439<\/a><\/h3>\n\n\n\n<p class=\"has-text-align-center\">\u042f \u043f\u0440\u0435\u0434\u043b\u0430\u0433\u0430\u044e \u0438\u043d\u0434\u0438\u0432\u0438\u0434\u0443\u0430\u043b\u044c\u043d\u0443\u044e \u043f\u043e\u0434\u0434\u0435\u0440\u0436\u043a\u0443 \u0434\u043b\u044f \u0441\u0435\u043c\u0435\u0439, \u0432\u043a\u043b\u044e\u0447\u0430\u044f \u0432\u044b\u0435\u0437\u0434\u043d\u0443\u044e \u0441\u0435\u043c\u0435\u0439\u043d\u0443\u044e \u043f\u043e\u043c\u043e\u0449\u044c \u0438 \u043a\u043b\u0438\u0440\u0438\u043d\u0433, \u0434\u043b\u044f \u0440\u0430\u0437\u0432\u0438\u0442\u0438\u044f \u0440\u0435\u0441\u0443\u0440\u0441\u043e\u0432 \u0438 \u0441\u043e\u0437\u0434\u0430\u043d\u0438\u044f \u043f\u043e\u0434\u0434\u0435\u0440\u0436\u0438\u0432\u0430\u044e\u0449\u0435\u0439 \u0441\u0440\u0435\u0434\u044b \u0434\u043b\u044f \u0434\u0435\u0442\u0435\u0439 \u0438 \u043f\u043e\u0434\u0440\u043e\u0441\u0442\u043a\u043e\u0432.<\/p>\n<\/div><\/div>\n\n\n\n<div class=\"wp-block-coblocks-service\"><figure class=\"wp-block-coblocks-service__figure\"><img decoding=\"async\" src=\"https:\/\/maria-libront.de\/wp-content\/uploads\/2023\/11\/image-3.jpg\" alt=\"Bildbeschreibung\"\/><\/figure><div class=\"wp-block-coblocks-service__content\">\n<h3 class=\"wp-block-heading has-text-align-center has-medium-font-size\"><a href=\"https:\/\/maria-libront.de\/ru\/mentoring\/\">\u041d\u0430\u0441\u0442\u0430\u0432\u043d\u0438\u0447\u0435\u0441\u0442\u0432\u043e \u0434\u043b\u044f \u043f\u0435\u0434\u0430\u0433\u043e\u0433\u0438\u0447\u0435\u0441\u043a\u0438\u0445 \u0441\u043f\u0435\u0446\u0438\u0430\u043b\u0438\u0441\u0442\u043e\u0432<\/a><\/h3>\n\n\n\n<p class=\"has-text-align-center\">\u041a\u0430\u043a \u043d\u0430\u0441\u0442\u0430\u0432\u043d\u0438\u043a, \u044f \u043f\u0440\u0435\u0434\u043e\u0441\u0442\u0430\u0432\u043b\u044f\u044e \u0438\u043d\u0434\u0438\u0432\u0438\u0434\u0443\u0430\u043b\u044c\u043d\u043e\u0435 \u0440\u0443\u043a\u043e\u0432\u043e\u0434\u0441\u0442\u0432\u043e, \u044d\u043b\u0435\u043c\u0435\u043d\u0442\u044b \u043a\u043e\u0443\u0447\u0438\u043d\u0433\u0430 \u0438 \u043f\u043e\u043c\u043e\u0449\u044c \u0432 \u043f\u043e\u0434\u0433\u043e\u0442\u043e\u0432\u043a\u0435 \u043e\u0442\u0447\u0435\u0442\u043e\u0432 \u0434\u043b\u044f \u0443\u0447\u0440\u0435\u0436\u0434\u0435\u043d\u0438\u0439 \u043e\u043f\u0435\u043a\u0438.<\/p>\n<\/div><\/div>\n\n\n\n<div class=\"wp-block-coblocks-service\"><div class=\"wp-block-coblocks-service__content\">\n<h3 class=\"wp-block-heading has-text-align-none\"><\/h3>\n\n\n\n<p class=\"has-text-align-none\"><\/p>\n<\/div><\/div>\n<\/div><\/div>\n\n\n\n<figure class=\"wp-block-image alignfull size-large coblocks-animate\" data-coblocks-animation=\"slideInBottom\"><img loading=\"lazy\" decoding=\"async\" width=\"1800\" height=\"1224\" src=\"https:\/\/maria-libront.de\/wp-content\/uploads\/2023\/11\/image-4.jpg\" alt=\"Bildbeschreibung\" class=\"wp-image-7\" srcset=\"https:\/\/maria-libront.de\/wp-content\/uploads\/2023\/11\/image-4.jpg 1800w, https:\/\/maria-libront.de\/wp-content\/uploads\/2023\/11\/image-4-300x204.jpg 300w, https:\/\/maria-libront.de\/wp-content\/uploads\/2023\/11\/image-4-1024x696.jpg 1024w, https:\/\/maria-libront.de\/wp-content\/uploads\/2023\/11\/image-4-768x522.jpg 768w, https:\/\/maria-libront.de\/wp-content\/uploads\/2023\/11\/image-4-1536x1044.jpg 1536w\" sizes=\"auto, (max-width: 1800px) 100vw, 1800px\" \/><\/figure>\n\n\n\n<h2 class=\"wp-block-heading has-text-align-center has-medium-font-size\" style=\"font-style:normal;font-weight:400\">\u041c\u044b \u043c\u043e\u0436\u0435\u043c \u0432\u043c\u0435\u0441\u0442\u0435 \u0440\u0430\u0431\u043e\u0442\u0430\u0442\u044c <\/h2>\n\n\n\n<h2 class=\"wp-block-heading has-text-align-center has-medium-font-size\" style=\"font-style:normal;font-weight:400\">\u043d\u0430\u0434 \u0443\u043b\u0443\u0447\u0448\u0435\u043d\u0438\u0435\u043c \u0432\u0430\u0448\u0438\u0445 \u043e\u0442\u043d\u043e\u0448\u0435\u043d\u0438\u0439.<\/h2>\n\n\n\n<p class=\"has-text-align-center\">\u041f\u0435\u0440\u0432\u044b\u0435 30 \u043c\u0438\u043d\u0443\u0442 \u043a\u043e\u043d\u0441\u0443\u043b\u044c\u0442\u0430\u0446\u0438\u0439 \u0431\u0435\u0441\u043f\u043b\u0430\u0442\u043d\u044b. <\/p>\n\n\n<div class=\"wp-block-coblocks-shape-divider alignfull coblocks-shape-divider-824164346836 is-style-waves has-primary-color mt-0 mb-0\" style=\"\" aria-hidden=\"true\">\n\t\t\t<div class=\"wp-block-coblocks-shape-divider__svg-wrapper\" style=\"height:100px;\">\n\t\t\t\t<svg class=\"divider--waves\" fill=\"\" xmlns=\"http:\/\/www.w3.org\/2000\/svg\" viewbox=\"0 0 1000 300\" preserveaspectratio=\"none\"><path d=\"M 1000 299 l 2 -279 c -155 -36 -310 135 -415 164 c -102.64 28.35 -149 -32 -232 -31 c -80 1 -142 53 -229 80 c -65.54 20.34 -101 15 -126 11.61 v 54.39 z\"><\/path><path d=\"M 1000 286 l 2 -252 c -157 -43 -302 144 -405 178 c -101.11 33.38 -159 -47 -242 -46 c -80 1 -145.09 54.07 -229 87 c -65.21 25.59 -104.07 16.72 -126 10.61 v 22.39 z\"><\/path><path d=\"M 1000 300 l 1 -230.29 c -217 -12.71 -300.47 129.15 -404 156.29 c -103 27 -174 -30 -257 -29 c -80 1 -130.09 37.07 -214 70 c -61.23 24 -108 15.61 -126 10.61 v 22.39 z\"><\/path><\/svg>\n\t\t\t<\/div>\n\t\t\t<div class=\"wp-block-coblocks-shape-divider__alt-wrapper\" style=\"height:50px;\"><\/div>\n\t\t<\/div>","protected":false},"excerpt":{"rendered":"<p>&#8222;Gute Beziehungen machen uns gl\u00fccklich und gesund, sie sind das, was uns im Leben wirklich gl\u00fccklich macht.&#8220; (Robert J. Waldiger) Sch\u00f6n, dass Sie hier sind! Bei mir finden Sie Unterst\u00fctzung f\u00fcr starke und gesunde Beziehungen. Mein Name ist Maria Libront. Ich bin Diplom-Sozialp\u00e4dagogin, Paar- und Familientherapeutin sowie Mutter von zwei Teenagern, die meinen Mann und [&hellip;]<\/p>\n","protected":false},"author":0,"featured_media":0,"parent":0,"menu_order":0,"comment_status":"closed","ping_status":"closed","template":"","meta":{"_coblocks_attr":"","_coblocks_dimensions":"","_coblocks_responsive_height":"","_coblocks_accordion_ie_support":"","hide_page_title":"","footnotes":""},"class_list":["post-12","page","type-page","status-publish","hentry"],"_links":{"self":[{"href":"https:\/\/maria-libront.de\/ru\/wp-json\/wp\/v2\/pages\/12","targetHints":{"allow":["GET"]}}],"collection":[{"href":"https:\/\/maria-libront.de\/ru\/wp-json\/wp\/v2\/pages"}],"about":[{"href":"https:\/\/maria-libront.de\/ru\/wp-json\/wp\/v2\/types\/page"}],"replies":[{"embeddable":true,"href":"https:\/\/maria-libront.de\/ru\/wp-json\/wp\/v2\/comments?post=12"}],"version-history":[{"count":36,"href":"https:\/\/maria-libront.de\/ru\/wp-json\/wp\/v2\/pages\/12\/revisions"}],"predecessor-version":[{"id":236,"href":"https:\/\/maria-libront.de\/ru\/wp-json\/wp\/v2\/pages\/12\/revisions\/236"}],"wp:attachment":[{"href":"https:\/\/maria-libront.de\/ru\/wp-json\/wp\/v2\/media?parent=12"}],"curies":[{"name":"wp","href":"https:\/\/api.w.org\/{rel}","templated":true}]}}