{"id":125,"date":"2023-12-02T08:51:41","date_gmt":"2023-12-02T08:51:41","guid":{"rendered":"https:\/\/maria-libront.de\/?page_id=125"},"modified":"2023-12-03T10:11:03","modified_gmt":"2023-12-03T10:11:03","slug":"kinderschutzberatung","status":"publish","type":"page","link":"https:\/\/maria-libront.de\/ru\/kinderschutzberatung\/","title":{"rendered":"\u041a\u043e\u043d\u0441\u0443\u043b\u044c\u0442\u0430\u0446\u0438\u0438 \u043f\u043e \u0437\u0430\u0449\u0438\u0442\u0435 \u043f\u0440\u0430\u0432 \u0434\u0435\u0442\u0435\u0439"},"content":{"rendered":"<div class=\"wp-block-coblocks-shape-divider alignfull is-style-waves has-primary-color is-vertically-flipped is-horizontally-flipped mt-0 mb-0\" style=\"\" aria-hidden=\"true\">\n\t\t\t<div class=\"wp-block-coblocks-shape-divider__svg-wrapper\" style=\"height:100px;\">\n\t\t\t\t<svg class=\"divider--waves\" fill=\"\" xmlns=\"http:\/\/www.w3.org\/2000\/svg\" viewbox=\"0 0 1000 300\" preserveaspectratio=\"none\"><path d=\"M 1000 299 l 2 -279 c -155 -36 -310 135 -415 164 c -102.64 28.35 -149 -32 -232 -31 c -80 1 -142 53 -229 80 c -65.54 20.34 -101 15 -126 11.61 v 54.39 z\"><\/path><path d=\"M 1000 286 l 2 -252 c -157 -43 -302 144 -405 178 c -101.11 33.38 -159 -47 -242 -46 c -80 1 -145.09 54.07 -229 87 c -65.21 25.59 -104.07 16.72 -126 10.61 v 22.39 z\"><\/path><path d=\"M 1000 300 l 1 -230.29 c -217 -12.71 -300.47 129.15 -404 156.29 c -103 27 -174 -30 -257 -29 c -80 1 -130.09 37.07 -214 70 c -61.23 24 -108 15.61 -126 10.61 v 22.39 z\"><\/path><\/svg>\n\t\t\t<\/div>\n\t\t\t<div class=\"wp-block-coblocks-shape-divider__alt-wrapper\" style=\"height:50px;\"><\/div>\n\t\t<\/div>\n\n\n<h2 class=\"wp-block-heading has-large-font-size\" style=\"font-size:25px\">\u041a\u043e\u043d\u0441\u0443\u043b\u044c\u0442\u0430\u0446\u0438\u0438 \u043f\u043e \u0437\u0430\u0449\u0438\u0442\u0435 \u043f\u0440\u0430\u0432 \u0434\u0435\u0442\u0435\u0439<\/h2>\n\n\n\n<p>\u0412\u044b \u0438\u0449\u0435\u0442\u0435 \u043f\u0440\u043e\u0444\u0435\u0441\u0441\u0438\u043e\u043d\u0430\u043b\u044c\u043d\u044b\u0435 \u043a\u043e\u043d\u0441\u0443\u043b\u044c\u0442\u0430\u0446\u0438\u0438 \u0438 \u043f\u043e\u0434\u0434\u0435\u0440\u0436\u043a\u0443 \u0432 \u043e\u0431\u043b\u0430\u0441\u0442\u0438 \u0437\u0430\u0449\u0438\u0442\u044b \u043f\u0440\u0430\u0432 \u0434\u0435\u0442\u0435\u0439 \u0441\u043e\u0433\u043b\u0430\u0441\u043d\u043e \u00a7 8a \u0421\u043e\u0446\u0438\u0430\u043b\u044c\u043d\u043e\u0433\u043e \u043a\u043e\u0434\u0435\u043a\u0441\u0430 VIII? <\/p>\n\n\n\n<p>\u042f \u043f\u0440\u0435\u0434\u043e\u0441\u0442\u0430\u0432\u043b\u044e \u0432\u0430\u043c \u043a\u043e\u043c\u043f\u0435\u0442\u0435\u043d\u0442\u043d\u0443\u044e \u043f\u043e\u0434\u0434\u0435\u0440\u0436\u043a\u0443 \u0432 \u043f\u043e\u043c\u043e\u0449\u0438 \u0434\u0435\u0442\u044f\u043c \u0438 \u043f\u043e\u0434\u0440\u043e\u0441\u0442\u043a\u0430\u043c \u0432 \u0438\u0445 \u0441\u043b\u043e\u0436\u043d\u044b\u0445 \u0436\u0438\u0437\u043d\u0435\u043d\u043d\u044b\u0445 \u0441\u0438\u0442\u0443\u0430\u0446\u0438\u044f\u0445.<\/p>\n\n\n\n<p>\u041c\u043e\u0438 \u043a\u043e\u043d\u0441\u0443\u043b\u044c\u0442\u0430\u0446\u0438\u043e\u043d\u043d\u044b\u0435 \u0443\u0441\u043b\u0443\u0433\u0438 \u043e\u0441\u043d\u043e\u0432\u0430\u043d\u044b \u043d\u0430 \u043f\u043e\u043b\u043e\u0436\u0435\u043d\u0438\u044f\u0445 \u0438 \u043f\u0440\u0430\u0432\u0438\u043b\u0430\u0445 \u0421\u043e\u0446\u0438\u0430\u043b\u044c\u043d\u043e\u0433\u043e \u043a\u043e\u0434\u0435\u043a\u0441\u0430 VIII (SGB VIII), \u0432 \u0447\u0430\u0441\u0442\u043d\u043e\u0441\u0442\u0438, \u043d\u0430 \u00a7 8a, \u043a\u043e\u0442\u043e\u0440\u044b\u0439 \u043d\u0430\u043f\u0440\u0430\u0432\u043b\u0435\u043d \u043d\u0430 \u043f\u0440\u0435\u0436\u0434\u0435\u0432\u0440\u0435\u043c\u0435\u043d\u043d\u043e\u0435 \u0432\u044b\u044f\u0432\u043b\u0435\u043d\u0438\u0435 \u0443\u0433\u0440\u043e\u0437 \u0434\u043b\u044f \u0431\u043b\u0430\u0433\u043e\u043f\u043e\u043b\u0443\u0447\u0438\u044f \u0434\u0435\u0442\u0435\u0439 \u0438 \u043f\u043e\u043e\u0449\u0440\u0435\u043d\u0438\u0435 \u0437\u0430\u0449\u0438\u0442\u044b \u0434\u0435\u0442\u0435\u0439.<\/p>\n\n\n\n<p>\u041c\u043e\u0438 \u0443\u0441\u043b\u0443\u0433\u0438 \u0432\u043a\u043b\u044e\u0447\u0430\u044e\u0442 \u0432 \u0441\u0435\u0431\u044f:<\/p>\n\n\n\n<ul class=\"wp-block-list\">\n<li>\u0410\u043d\u0430\u043b\u0438\u0437 \u0438 \u043e\u0446\u0435\u043d\u043a\u0430 \u043d\u0435\u0433\u0430\u0442\u0438\u0432\u043d\u044b\u0445 \u0444\u0430\u043a\u0442\u043e\u0440\u043e\u0432 \u0432\u043b\u0438\u044f\u044e\u0449\u0438\u0445 \u043d\u0430 \u0431\u043b\u0430\u0433\u043e\u043f\u043e\u043b\u0443\u0447\u0438\u0435 \u0440\u0435\u0431\u0435\u043d\u043a\u0430.<\/li>\n\n\n\n<li>\u041a\u043e\u043d\u0441\u0443\u043b\u044c\u0442\u0438\u0440\u043e\u0432\u0430\u043d\u0438\u0435 \u0441\u043f\u0435\u0446\u0438\u0430\u043b\u0438\u0441\u0442\u043e\u0432 \u0438 \u0443\u0447\u0440\u0435\u0436\u0434\u0435\u043d\u0438\u0439 \u043f\u043e \u0432\u043e\u043f\u0440\u043e\u0441\u0430\u043c \u0437\u0430\u0449\u0438\u0442\u044b \u043f\u0440\u0430\u0432 \u0434\u0435\u0442\u0435\u0439.<\/li>\n\n\n\n<li>\u0420\u0430\u0437\u0440\u0430\u0431\u043e\u0442\u043a\u0430 \u043f\u0440\u043e\u0444\u0438\u043b\u0430\u043a\u0442\u0438\u0447\u0435\u0441\u043a\u0438\u0445 \u043c\u0435\u0440 \u0438 \u0441\u0442\u0440\u0430\u0442\u0435\u0433\u0438\u044f \u0434\u0435\u0439\u0441\u0442\u0432\u0438\u0439.<\/li>\n\n\n\n<li>\u041f\u043e\u0434\u0434\u0435\u0440\u0436\u043a\u0430 \u043a\u043e\u043e\u0440\u0434\u0438\u043d\u0430\u0446\u0438\u0439 \u0438 \u0432\u0437\u0430\u0438\u043c\u043e\u0434\u0435\u0439\u0441\u0442\u0432\u0438\u0439 \u0441 \u0441\u043e\u043e\u0442\u0432\u0435\u0442\u0441\u0442\u0432\u0443\u044e\u0449\u0438\u043c\u0438 \u043e\u0440\u0433\u0430\u043d\u0438\u0437\u0430\u0446\u0438\u044f\u043c\u0438 \u0438 \u0443\u0447\u0440\u0435\u0436\u0434\u0435\u043d\u0438\u044f\u043c\u0438.<\/li>\n\n\n\n<li>\u041f\u043e\u0432\u044b\u0448\u0435\u043d\u0438\u0435 \u0437\u043d\u0430\u043d\u0438\u0439 \u043f\u043e \u0432\u043e\u043f\u0440\u043e\u0441\u0430\u043c \u0437\u0430\u0449\u0438\u0442\u044b \u043f\u0440\u0430\u0432 \u0434\u0435\u0442\u0435\u0439 \u043f\u043e\u0441\u0440\u0435\u0434\u0441\u0442\u0432\u043e\u043c \u0442\u0440\u0435\u043d\u0438\u043d\u0433\u043e\u0432 \u0438 \u043f\u0440\u0430\u043a\u0442\u0438\u043a\u0438.<\/li>\n<\/ul>\n\n\n\n<p>\u042f \u043d\u0435 \u0442\u043e\u043b\u044c\u043a\u043e \u043f\u0440\u0435\u0434\u043e\u0441\u0442\u0430\u0432\u043b\u044f\u044e \u043f\u0440\u043e\u0444\u0435\u0441\u0441\u0438\u043e\u043d\u0430\u043b\u044c\u043d\u044b\u0435 \u043a\u043e\u043d\u0441\u0443\u043b\u044c\u0442\u0430\u0446\u0438\u0438, \u043d\u043e \u0442\u0430\u043a\u0436\u0435 \u043f\u0440\u0438\u0434\u0430\u044e \u0431\u043e\u043b\u044c\u0448\u043e\u0435 \u0437\u043d\u0430\u0447\u0435\u043d\u0438\u0435 \u0434\u043e\u0432\u0435\u0440\u0438\u0442\u0435\u043b\u044c\u043d\u043e\u043c\u0443 \u0438 \u0447\u0443\u0442\u043a\u043e\u043c\u0443 \u0441\u043e\u0442\u0440\u0443\u0434\u043d\u0438\u0447\u0435\u0441\u0442\u0432\u0443. \u0417\u0430\u0449\u0438\u0442\u0430 \u0438 \u0431\u043b\u0430\u0433\u043e\u043f\u043e\u043b\u0443\u0447\u0438\u0435 \u0434\u0435\u0442\u0435\u0439 \u0438 \u043c\u043e\u043b\u043e\u0434\u0435\u0436\u0438 \u0432\u0441\u0435\u0433\u0434\u0430 \u043d\u0430\u0445\u043e\u0434\u044f\u0442\u0441\u044f \u0432 \u0446\u0435\u043d\u0442\u0440\u0435 \u043c\u043e\u0435\u0439 \u0440\u0430\u0431\u043e\u0442\u044b.<\/p>\n\n\n\n<p>\u0412\u043c\u0435\u0441\u0442\u0435 \u043c\u044b \u0441\u043c\u043e\u0436\u0435\u043c \u043d\u0430\u0439\u0442\u0438 \u043d\u0430\u0438\u043b\u0443\u0447\u0448\u0438\u0435 \u0440\u0435\u0448\u0435\u043d\u0438\u044f \u0434\u043b\u044f \u0434\u0435\u0442\u0435\u0439 \u0438 \u0441\u0435\u043c\u0435\u0439, \u043e\u043a\u0430\u0437\u0430\u0432\u0448\u0438\u0445\u0441\u044f \u0432 \u0442\u0440\u0443\u0434\u043d\u044b\u0445 \u0441\u0438\u0442\u0443\u0430\u0446\u0438\u044f\u0445. \u041a\u043e\u043d\u0435\u0447\u043d\u043e, \u044f \u043e\u0442\u043d\u0435\u0441\u0443\u0441\u044c \u043a \u0432\u0430\u0448\u0438\u043c \u043f\u0440\u043e\u0431\u043b\u0435\u043c\u0430\u043c \u043a\u043e\u043d\u0444\u0438\u0434\u0435\u043d\u0446\u0438\u0430\u043b\u044c\u043d\u043e \u0438 \u0443\u0432\u0430\u0436\u0438\u0442\u0435\u043b\u044c\u043d\u043e.<\/p>\n\n\n\n<div class=\"wp-block-columns is-layout-flex wp-container-core-columns-is-layout-61ecc280 wp-block-columns-is-layout-flex\" style=\"padding-top:2.5rem;padding-right:2.5rem;padding-bottom:2.5rem;padding-left:2.5rem\">\n<div class=\"wp-block-column is-layout-flow wp-block-column-is-layout-flow\">\n<p class=\"has-text-align-center is-style-default coblocks-animate\" style=\"font-size:18px\" data-coblocks-animation=\"fadeIn\"><strong>\u0421\u0432\u044f\u0436\u0438\u0442\u0435\u0441\u044c \u0441\u043e \u043c\u043d\u043e\u0439 \u0434\u043b\u044f \u043f\u043e\u043b\u0443\u0447\u0435\u043d\u0438\u044f \u0434\u043e\u043f\u043e\u043b\u043d\u0438\u0442\u0435\u043b\u044c\u043d\u043e\u0439 \u0438\u043d\u0444\u043e\u0440\u043c\u0430\u0446\u0438\u0438 \u0438\u043b\u0438 \u0434\u043b\u044f \u043d\u0430\u0437\u043d\u0430\u0447\u0435\u043d\u0438\u044f \u043a\u043e\u043d\u0441\u0443\u043b\u044c\u0442\u0430\u0446\u0438\u043e\u043d\u043d\u043e\u0439 \u0432\u0441\u0442\u0440\u0435\u0447\u0438.<\/strong><\/p>\n<\/div>\n<\/div>\n\n\n<div class=\"wp-block-coblocks-shape-divider alignfull is-style-waves has-primary-color mt-0 mb-0\" style=\"\" aria-hidden=\"true\">\n\t\t\t<div class=\"wp-block-coblocks-shape-divider__svg-wrapper\" style=\"height:100px;\">\n\t\t\t\t<svg class=\"divider--waves\" fill=\"\" xmlns=\"http:\/\/www.w3.org\/2000\/svg\" viewbox=\"0 0 1000 300\" preserveaspectratio=\"none\"><path d=\"M 1000 299 l 2 -279 c -155 -36 -310 135 -415 164 c -102.64 28.35 -149 -32 -232 -31 c -80 1 -142 53 -229 80 c -65.54 20.34 -101 15 -126 11.61 v 54.39 z\"><\/path><path d=\"M 1000 286 l 2 -252 c -157 -43 -302 144 -405 178 c -101.11 33.38 -159 -47 -242 -46 c -80 1 -145.09 54.07 -229 87 c -65.21 25.59 -104.07 16.72 -126 10.61 v 22.39 z\"><\/path><path d=\"M 1000 300 l 1 -230.29 c -217 -12.71 -300.47 129.15 -404 156.29 c -103 27 -174 -30 -257 -29 c -80 1 -130.09 37.07 -214 70 c -61.23 24 -108 15.61 -126 10.61 v 22.39 z\"><\/path><\/svg>\n\t\t\t<\/div>\n\t\t\t<div class=\"wp-block-coblocks-shape-divider__alt-wrapper\" style=\"height:50px;\"><\/div>\n\t\t<\/div>","protected":false},"excerpt":{"rendered":"<p>Kinderschutzberatung Sie suchen professionelle Beratung und Unterst\u00fctzung im Bereich des Kinderschutzes gem\u00e4\u00df \u00a7 8a SGB VIII? Ich stehe Ihnen einf\u00fchlsam und kompetent zur Seite, um Kinder und Jugendliche in schwierigen Lebenssituationen zu unterst\u00fctzen und deren Wohl zu gew\u00e4hrleisten. Meine Beratungsdienste basieren auf den Richtlinien und Bestimmungen des Sozialgesetzbuches VIII (SGB VIII), insbesondere dem \u00a7 8a, [&hellip;]<\/p>\n","protected":false},"author":1,"featured_media":0,"parent":0,"menu_order":0,"comment_status":"closed","ping_status":"closed","template":"","meta":{"_coblocks_attr":"","_coblocks_dimensions":"","_coblocks_responsive_height":"","_coblocks_accordion_ie_support":"","hide_page_title":"","footnotes":""},"class_list":["post-125","page","type-page","status-publish","hentry"],"_links":{"self":[{"href":"https:\/\/maria-libront.de\/ru\/wp-json\/wp\/v2\/pages\/125","targetHints":{"allow":["GET"]}}],"collection":[{"href":"https:\/\/maria-libront.de\/ru\/wp-json\/wp\/v2\/pages"}],"about":[{"href":"https:\/\/maria-libront.de\/ru\/wp-json\/wp\/v2\/types\/page"}],"author":[{"embeddable":true,"href":"https:\/\/maria-libront.de\/ru\/wp-json\/wp\/v2\/users\/1"}],"replies":[{"embeddable":true,"href":"https:\/\/maria-libront.de\/ru\/wp-json\/wp\/v2\/comments?post=125"}],"version-history":[{"count":6,"href":"https:\/\/maria-libront.de\/ru\/wp-json\/wp\/v2\/pages\/125\/revisions"}],"predecessor-version":[{"id":214,"href":"https:\/\/maria-libront.de\/ru\/wp-json\/wp\/v2\/pages\/125\/revisions\/214"}],"wp:attachment":[{"href":"https:\/\/maria-libront.de\/ru\/wp-json\/wp\/v2\/media?parent=125"}],"curies":[{"name":"wp","href":"https:\/\/api.w.org\/{rel}","templated":true}]}}