{"id":13,"date":"2023-11-29T13:53:21","date_gmt":"2023-11-29T13:53:21","guid":{"rendered":"https:\/\/maria-libront.de\/blog\/"},"modified":"2023-12-09T12:15:23","modified_gmt":"2023-12-09T12:15:23","slug":"kontakt","status":"publish","type":"page","link":"https:\/\/maria-libront.de\/ru\/kontakt\/","title":{"rendered":"\u0421\u0435\u043c\u0435\u0439\u043d\u0430\u044f \u0442\u0435\u0440\u0430\u043f\u0438\u044f"},"content":{"rendered":"<div class=\"wp-block-coblocks-shape-divider alignfull is-style-waves has-primary-color is-vertically-flipped is-horizontally-flipped mt-0 mb-0\" style=\"\" aria-hidden=\"true\">\n\t\t\t<div class=\"wp-block-coblocks-shape-divider__svg-wrapper\" style=\"height:100px;\">\n\t\t\t\t<svg class=\"divider--waves\" fill=\"\" xmlns=\"http:\/\/www.w3.org\/2000\/svg\" viewbox=\"0 0 1000 300\" preserveaspectratio=\"none\"><path d=\"M 1000 299 l 2 -279 c -155 -36 -310 135 -415 164 c -102.64 28.35 -149 -32 -232 -31 c -80 1 -142 53 -229 80 c -65.54 20.34 -101 15 -126 11.61 v 54.39 z\"><\/path><path d=\"M 1000 286 l 2 -252 c -157 -43 -302 144 -405 178 c -101.11 33.38 -159 -47 -242 -46 c -80 1 -145.09 54.07 -229 87 c -65.21 25.59 -104.07 16.72 -126 10.61 v 22.39 z\"><\/path><path d=\"M 1000 300 l 1 -230.29 c -217 -12.71 -300.47 129.15 -404 156.29 c -103 27 -174 -30 -257 -29 c -80 1 -130.09 37.07 -214 70 c -61.23 24 -108 15.61 -126 10.61 v 22.39 z\"><\/path><\/svg>\n\t\t\t<\/div>\n\t\t\t<div class=\"wp-block-coblocks-shape-divider__alt-wrapper\" style=\"height:50px;\"><\/div>\n\t\t<\/div>\n\n\n<h2 class=\"wp-block-heading has-large-font-size\" style=\"font-size:25px\">\u0421\u0443\u043f\u0440\u0443\u0436\u0435\u0441\u043a\u0430\u044f \u0442\u0435\u0440\u0430\u043f\u0438\u044f<\/h2>\n\n\n\n<p>\u041c\u043e\u044f \u0446\u0435\u043b\u044c \u043a\u0430\u043a \u043f\u0441\u0438\u0445\u043e\u0442\u0435\u0440\u0430\u043f\u0435\u0432\u0442\u0430 \u0434\u043b\u044f \u0441\u0443\u043f\u0440\u0443\u0436\u0435\u0441\u043a\u0438\u0445 \u043f\u0430\u0440 \u0438 \u0441\u0435\u043c\u0435\u0439,  - \u043f\u043e\u043c\u043e\u0447\u044c \u0432\u0430\u043c \u0443\u043a\u0440\u0435\u043f\u0438\u0442\u044c \u0438 \u0443\u043b\u0443\u0447\u0448\u0438\u0442\u044c \u0432\u0430\u0448\u0438 \u043e\u0442\u043d\u043e\u0448\u0435\u043d\u0438\u044f. \u041c\u043e\u044f \u0442\u0435\u0440\u0430\u043f\u0438\u044f \u043e\u0441\u043d\u043e\u0432\u0430\u043d\u0430 \u043d\u0430 \u0441\u0438\u0441\u0442\u0435\u043c\u043d\u044b\u0445 \u0438 \u044d\u043c\u043e\u0446\u0438\u043e\u043d\u0430\u043b\u044c\u043d\u043e \u043e\u0440\u0438\u0435\u043d\u0442\u0438\u0440\u043e\u0432\u0430\u043d\u043d\u044b\u0445 \u043c\u0435\u0442\u043e\u0434\u0430\u0445, \u043d\u0430\u043f\u0440\u0430\u0432\u043b\u0435\u043d\u043d\u044b\u0445 \u043d\u0435 \u0442\u043e\u043b\u044c\u043a\u043e \u043d\u0430 \u0443\u043b\u0443\u0447\u0448\u0435\u043d\u0438\u0435 \u043e\u0442\u043d\u043e\u0448\u0435\u043d\u0438\u0439 \u0432 \u0441\u0443\u043f\u0440\u0443\u0436\u0435\u0441\u043a\u043e\u0439 \u043f\u0430\u0440\u0435, \u043d\u043e \u0438 \u043d\u0430 \u043f\u043e\u043b\u043e\u0436\u0438\u0442\u0435\u043b\u044c\u043d\u043e\u0435 \u0432\u043e\u0437\u0434\u0435\u0439\u0441\u0442\u0432\u0438\u0435 \u043d\u0430 \u0432\u0441\u044e \u0441\u0435\u043c\u044c\u044e..<\/p>\n\n\n\n<p>\u0411\u0443\u0434\u0443 \u0440\u0430\u0434\u0430 \u043e\u0442\u0432\u0435\u0442\u0438\u0442\u044c \u043d\u0430 \u0432\u0441\u0435 \u0432\u0430\u0448\u0438 \u0432\u043e\u043f\u0440\u043e\u0441\u044b, \u043a\u0430\u0441\u0430\u044e\u0449\u0438\u0435\u0441\u044f \u0441\u0435\u043c\u0435\u0439\u043d\u044b\u0445 \u043e\u0442\u043d\u043e\u0448\u0435\u043d\u0438\u0439. <\/p>\n\n\n\n<p>\u0417\u0434\u0435\u0441\u044c \u0432\u044b \u043d\u0430\u0439\u0434\u0435\u0442\u0435 \u043e\u0442\u0432\u0435\u0442\u044b \u043d\u0430 \u0447\u0430\u0441\u0442\u043e \u0437\u0430\u0434\u0430\u0432\u0430\u0435\u043c\u044b\u0435 \u0432\u043e\u043f\u0440\u043e\u0441\u044b:<\/p>\n\n\n\n<details class=\"wp-block-details is-layout-flow wp-block-details-is-layout-flow\"><summary><em><strong>\u0427\u0442\u043e \u0442\u0430\u043a\u043e\u0435 \u0441\u0435\u043c\u0435\u0439\u043d\u0430\u044f \u0438 \u043f\u0430\u0440\u043d\u0430\u044f \u0442\u0435\u0440\u0430\u043f\u0438\u044f?<\/strong><\/em><\/summary>\n<p>Die Paar- und Familientherapie zielt darauf ab, die Beziehungen zwischen Partnern und innerhalb von Familien zu verbessern, Konflikte zu l\u00f6sen, die Kommunikation zu st\u00e4rken und ein unterst\u00fctzendes Umfeld zu schaffen, damit alle Beteiligten sich wohl und verstanden f\u00fchlen.<\/p>\n\n\n\n<p><\/p>\n<\/details>\n\n\n\n<details class=\"wp-block-details is-layout-flow wp-block-details-is-layout-flow\"><summary><em><strong>\u041d\u0443\u0436\u043d\u043e \u043b\u0438 \u0431\u044b\u0442\u044c '\u0431\u043e\u043b\u044c\u043d\u044b\u043c' \u0434\u043b\u044f \u043f\u0440\u043e\u0445\u043e\u0436\u0434\u0435\u043d\u0438\u044f \u0441\u0435\u043c\u0435\u0439\u043d\u043e\u0439 \u0438 \u043f\u0430\u0440\u043d\u043e\u0439 \u0442\u0435\u0440\u0430\u043f\u0438\u0438?<\/strong><\/em><\/summary>\n<p>Nein, diese Therapie ist f\u00fcr Menschen jeglicher Art von Beziehungen geeignet, unabh\u00e4ngig davon, ob sie als &#8222;krank&#8220; oder &#8222;gesund&#8220; betrachtet werden. Sie richtet sich an Paare oder Familien, die vor Herausforderungen stehen, welche ihre Beziehungen belasten oder Probleme verursachen.<\/p>\n<\/details>\n\n\n\n<details class=\"wp-block-details is-layout-flow wp-block-details-is-layout-flow\"><summary><em><strong>\u041c\u043e\u0436\u0435\u0442 \u043b\u0438 \u043f\u0430\u0440\u043d\u0430\u044f \u0438 \u0441\u0435\u043c\u0435\u0439\u043d\u0430\u044f \u0442\u0435\u0440\u0430\u043f\u0438\u044f \u0441\u043b\u0443\u0436\u0438\u0442\u044c \u043f\u0440\u043e\u0444\u0438\u043b\u0430\u043a\u0442\u0438\u043a\u043e\u0439 \u043a\u0440\u0438\u0437\u0438\u0441\u0430?<\/strong><\/em><\/summary>\n<p>Ja, selbst in scheinbar stabilen und gl\u00fccklichen Beziehungen kann es von Zeit zu Zeit zu Problemen kommen. Diese Therapie kann pr\u00e4ventiv wirken, indem sie die Kommunikation verbessert, die Bindung st\u00e4rkt und Werkzeuge zur Bew\u00e4ltigung aufkommender Schwierigkeiten vermittelt.<\/p>\n<\/details>\n\n\n\n<details class=\"wp-block-details is-layout-flow wp-block-details-is-layout-flow\"><summary><em><strong>\u0418\u043c\u0435\u0435\u0442 \u043b\u0438 \u0441\u043c\u044b\u0441\u043b \u043f\u0440\u043e\u0432\u043e\u0434\u0438\u0442\u044c \u0441\u0435\u043c\u0435\u0439\u043d\u0443\u044e \u0438 \u043f\u0430\u0440\u043d\u0443\u044e \u0442\u0435\u0440\u0430\u043f\u0438\u044e, \u0435\u0441\u043b\u0438 \u043e\u0442\u043d\u043e\u0448\u0435\u043d\u0438\u044f \u0443\u0436\u0435 \u043a\u0430\u0436\u0443\u0442\u0441\u044f \u0440\u0430\u0437\u0440\u0443\u0448\u0435\u043d\u043d\u044b\u043c\u0438?<\/strong><\/em><\/summary>\n<p>Ja, auch in Krisensituationen, in denen schwere Probleme wie Konflikte, Untreue oder Vertrauensbr\u00fcche aufgetreten sind, kann die Therapie hilfreich sein. Sie bietet Raum und professionelle Anleitung, um Probleme zu bearbeiten, Kommunikationsbarrieren zu \u00fcberwinden und neue Wege zur Reparatur und St\u00e4rkung der Beziehung zu finden.<\/p>\n<\/details>\n\n\n\n<details class=\"wp-block-details is-layout-flow wp-block-details-is-layout-flow\"><summary><em><strong>\u0413\u0434\u0435 \u043f\u0440\u043e\u0445\u043e\u0434\u0438\u0442 \u0441\u0435\u043c\u0435\u0439\u043d\u0430\u044f \u0438 \u043f\u0430\u0440\u043d\u0430\u044f \u0442\u0435\u0440\u0430\u043f\u0438\u044f?<\/strong><\/em><\/summary>\n<p>Um Ihnen optimale Unterst\u00fctzung zu bieten, f\u00fchre ich die Therapie in Ihrem vertrauten Umfeld durch. Ich glaube, dass dies authentische Einblicke in Ihr Verhalten erm\u00f6glicht und zu effektiveren Ergebnissen f\u00fchrt. Somit k\u00f6nnen wir gezielt an Herausforderungen arbeiten und realit\u00e4tsnahe L\u00f6sungen entwickeln.<\/p>\n<\/details>\n\n\n\n<details class=\"wp-block-details is-layout-flow wp-block-details-is-layout-flow\"><summary><em><strong>\u0421\u0442\u043e\u0438\u043c\u043e\u0441\u0442\u044c \u043f\u0440\u043e\u0435\u0437\u0434\u0430 \u0438 \u0447\u0430\u0441\u0442\u043e\u0442\u0430 \u0437\u0430\u0441\u0435\u0434\u0430\u043d\u0438\u0439:<\/strong><\/em><\/summary>\n<p>F\u00fcr die aufsuchende Familientherapie k\u00f6nnen Fahrtkosten anfallen, die sich auf 1,00 Euro pro Kilometer f\u00fcr die Anfahrt zum Ort der Therapiesitzung belaufen. Die H\u00e4ufigkeit und Dauer der Therapiesitzungen variieren je nach individuellen Bed\u00fcrfnissen, Therapiezielen und den vorliegenden Problemen.<\/p>\n<\/details>\n\n\n\n<details class=\"wp-block-details is-layout-flow wp-block-details-is-layout-flow\"><summary><em><strong>\u043f\u043e\u0434\u0434\u0435\u0440\u0436\u043a\u0430 \u0441\u043e \u0441\u0442\u043e\u0440\u043e\u043d\u044b \u0434\u0435\u043f\u0430\u0440\u0442\u0430\u043c\u0435\u043d\u0442\u0430 \u043f\u043e \u0434\u0435\u043b\u0430\u043c \u043c\u043e\u043b\u043e\u0434\u0435\u0436\u0438:<\/strong><\/em><\/summary>\n<p>Bitte beachten Sie, dass die Kosten f\u00fcr die Paartherapie nicht von den Krankenkassen erstattet werden. Unter bestimmten Umst\u00e4nden kann das Jugendamt finanzielle Unterst\u00fctzung f\u00fcr die Therapie bereitstellen, insbesondere wenn das Wohl von Kindern und Jugendlichen gef\u00e4hrdet ist oder famili\u00e4re Probleme bestehen.<\/p>\n\n\n\n<p><em><strong>\u043f\u043e\u0434\u0434\u0435\u0440\u0436\u043a\u0430 \u0441\u043e \u0441\u0442\u043e\u0440\u043e\u043d\u044b \u0434\u0435\u043f\u0430\u0440\u0442\u0430\u043c\u0435\u043d\u0442\u0430 \u043f\u043e \u0434\u0435\u043b\u0430\u043c \u043c\u043e\u043b\u043e\u0434\u0435\u0436\u0438:<\/strong><\/em><\/p>\n<\/details>\n\n\n\n<p>\u0414\u043b\u044f \u043f\u043e\u043b\u0443\u0447\u0435\u043d\u0438\u044f \u0434\u043e\u043f\u043e\u043b\u043d\u0438\u0442\u0435\u043b\u044c\u043d\u043e\u0439 \u0438\u043d\u0444\u043e\u0440\u043c\u0430\u0446\u0438\u0438 \u0438\u043b\u0438 \u0434\u043b\u044f \u043d\u0430\u0437\u043d\u0430\u0447\u0435\u043d\u0438\u044f \u0432\u0441\u0442\u0440\u0435\u0447\u0438 \u043f\u0435\u0440\u0435\u0445\u043e\u0434\u0438\u0442\u0435 \u043f\u043e\u0436\u0430\u043b\u0443\u0439\u0441\u0442\u0430 \u043f\u043e \u0441\u0441\u044b\u043b\u043a\u0435 \"\u041a\u043e\u043d\u0442\u0430\u043a\u0442\". \u0411\u0443\u0434\u0443 \u0440\u0430\u0434\u0430 \u0432\u0430\u0448\u0438\u043c \u0441\u043e\u043e\u0431\u0449\u0435\u043d\u0438\u044f\u043c \u0438 \u0432\u043e\u0437\u043c\u043e\u0436\u043d\u043e\u0441\u0442\u0438 \u043f\u043e\u0434\u0434\u0435\u0440\u0436\u0430\u0442\u044c \u0438 \u043f\u043e\u043c\u043e\u0447\u044c \u0432 \u0441\u043e\u0437\u0434\u0430\u043d\u0438\u0438 \u043f\u043e\u0437\u0438\u0442\u0438\u0432\u043d\u044b\u0445 \u0438\u0437\u043c\u0435\u043d\u0435\u043d\u0438\u0439 \u0432 \u0432\u0430\u0448\u0438\u0445 \u0441\u0435\u043c\u0435\u0439\u043d\u044b\u0445 \u043e\u0442\u043d\u043e\u0448\u0435\u043d\u0438\u044f\u0445.<\/p>\n\n\n\n<div class=\"wp-block-columns is-layout-flex wp-container-core-columns-is-layout-61ecc280 wp-block-columns-is-layout-flex\" style=\"padding-top:2.5rem;padding-right:2.5rem;padding-bottom:2.5rem;padding-left:2.5rem\">\n<div class=\"wp-block-column is-layout-flow wp-block-column-is-layout-flow\">\n<p class=\"has-text-align-center is-style-default coblocks-animate\" style=\"font-size:18px\" data-coblocks-animation=\"slideInBottom\"><strong>\u0415\u0441\u043b\u0438 \u0432\u0430\u0448\u0438 \u043e\u0442\u043d\u043e\u0448\u0435\u043d\u0438\u044f \u043e\u0442\u0440\u0438\u0446\u0430\u0442\u0435\u043b\u044c\u043d\u043e \u0432\u043b\u0438\u044f\u044e\u0442 \u043d\u0430 \u0432\u0430\u0448 \u0432\u043d\u0443\u0442\u0440\u0435\u043d\u043d\u0438\u0439 \u043f\u043e\u043a\u043e\u0439, \u0442\u043e \u0446\u0435\u043d\u0430 \u043c\u043e\u043b\u0447\u0430\u043d\u0438\u044f \u043c\u043e\u0436\u0435\u0442 \u0431\u044b\u0442\u044c \u0441\u043b\u0438\u0448\u043a\u043e\u043c \u0432\u044b\u0441\u043e\u043a\u043e\u0439. \u0418\u043d\u0432\u0435\u0441\u0442\u0438\u0440\u0443\u0439\u0442\u0435 \u0434\u043b\u044f \u0441\u0435\u0431\u044f, \u0434\u043b\u044f \u0441\u043e\u0431\u0441\u0442\u0432\u0435\u043d\u043d\u043e\u0433\u043e \u0443\u0434\u043e\u0432\u043b\u0435\u0442\u0432\u043e\u0440\u0435\u043d\u0438\u044f, \u0434\u043b\u044f \u0443\u043b\u0443\u0447\u0448\u0435\u043d\u0438\u044f \u043a\u0430\u0447\u0435\u0441\u0442\u0432\u0430 \u0441\u0432\u043e\u0435\u0439 \u0436\u0438\u0437\u043d\u0438. \u0414\u0430\u0432\u0430\u0439\u0442\u0435 \u0432\u043c\u0435\u0441\u0442\u0435 \u043d\u0430\u0439\u0434\u0451\u043c \u043d\u043e\u0432\u044b\u0439 \u043f\u0443\u0442\u044c \u043a \u043d\u0430\u0441\u044b\u0449\u0435\u043d\u043d\u044b\u043c \u043f\u0430\u0440\u0442\u043d\u0435\u0440\u0441\u043a\u0438\u043c \u043e\u0442\u043d\u043e\u0448\u0435\u043d\u0438\u044f\u043c \u0438 \u0433\u0430\u0440\u043c\u043e\u043d\u0438\u0438 \u0432 \u0441\u0435\u043c\u044c\u0435.<\/strong><\/p>\n<\/div>\n<\/div>\n\n\n<div class=\"wp-block-coblocks-shape-divider alignfull is-style-waves has-primary-color mt-0 mb-0\" style=\"\" aria-hidden=\"true\">\n\t\t\t<div class=\"wp-block-coblocks-shape-divider__svg-wrapper\" style=\"height:100px;\">\n\t\t\t\t<svg class=\"divider--waves\" fill=\"\" xmlns=\"http:\/\/www.w3.org\/2000\/svg\" viewbox=\"0 0 1000 300\" preserveaspectratio=\"none\"><path d=\"M 1000 299 l 2 -279 c -155 -36 -310 135 -415 164 c -102.64 28.35 -149 -32 -232 -31 c -80 1 -142 53 -229 80 c -65.54 20.34 -101 15 -126 11.61 v 54.39 z\"><\/path><path d=\"M 1000 286 l 2 -252 c -157 -43 -302 144 -405 178 c -101.11 33.38 -159 -47 -242 -46 c -80 1 -145.09 54.07 -229 87 c -65.21 25.59 -104.07 16.72 -126 10.61 v 22.39 z\"><\/path><path d=\"M 1000 300 l 1 -230.29 c -217 -12.71 -300.47 129.15 -404 156.29 c -103 27 -174 -30 -257 -29 c -80 1 -130.09 37.07 -214 70 c -61.23 24 -108 15.61 -126 10.61 v 22.39 z\"><\/path><\/svg>\n\t\t\t<\/div>\n\t\t\t<div class=\"wp-block-coblocks-shape-divider__alt-wrapper\" style=\"height:50px;\"><\/div>\n\t\t<\/div>","protected":false},"excerpt":{"rendered":"<p>Paar &#8211; und Familientherapie Als Paar- und Familientherapeutin liegt mein Ziel darin, Ihnen zu helfen, Ihre Beziehungen zu st\u00e4rken und harmonischer zu gestalten. Meine Therapie basiert auf systemischen und emotionsfokussierten Ans\u00e4tzen, die darauf abzielen, nicht nur die Interaktionen in Paarbeziehungen zu verbessern, sondern auch das gesamte Familiensystem zu verstehen und positiv zu beeinflussen. Gerne stehe [&hellip;]<\/p>\n","protected":false},"author":0,"featured_media":0,"parent":0,"menu_order":0,"comment_status":"closed","ping_status":"closed","template":"","meta":{"_coblocks_attr":"","_coblocks_dimensions":"","_coblocks_responsive_height":"","_coblocks_accordion_ie_support":"","hide_page_title":"","footnotes":""},"class_list":["post-13","page","type-page","status-publish","hentry"],"_links":{"self":[{"href":"https:\/\/maria-libront.de\/ru\/wp-json\/wp\/v2\/pages\/13","targetHints":{"allow":["GET"]}}],"collection":[{"href":"https:\/\/maria-libront.de\/ru\/wp-json\/wp\/v2\/pages"}],"about":[{"href":"https:\/\/maria-libront.de\/ru\/wp-json\/wp\/v2\/types\/page"}],"replies":[{"embeddable":true,"href":"https:\/\/maria-libront.de\/ru\/wp-json\/wp\/v2\/comments?post=13"}],"version-history":[{"count":30,"href":"https:\/\/maria-libront.de\/ru\/wp-json\/wp\/v2\/pages\/13\/revisions"}],"predecessor-version":[{"id":241,"href":"https:\/\/maria-libront.de\/ru\/wp-json\/wp\/v2\/pages\/13\/revisions\/241"}],"wp:attachment":[{"href":"https:\/\/maria-libront.de\/ru\/wp-json\/wp\/v2\/media?parent=13"}],"curies":[{"name":"wp","href":"https:\/\/api.w.org\/{rel}","templated":true}]}}