{"id":3,"date":"2023-11-29T13:51:57","date_gmt":"2023-11-29T13:51:57","guid":{"rendered":"https:\/\/maria-libront.de\/?page_id=3"},"modified":"2023-12-03T08:07:17","modified_gmt":"2023-12-03T08:07:17","slug":"privacy-policy","status":"publish","type":"page","link":"https:\/\/maria-libront.de\/ru\/privacy-policy\/","title":{"rendered":"\u0418\u043c\u043f\u0440\u0435\u0441\u0441\u0443\u043c"},"content":{"rendered":"<h2 class=\"wp-block-heading has-medium-font-size\"><strong>\u0418\u043c\u043f\u0440\u0435\u0441\u0441\u0443\u043c<\/strong><\/h2>\n\n\n\n<p>Angaben gem\u00e4\u00df \u00a7 5 TMG:<\/p>\n\n\n\n<p><\/p>\n\n\n\n<p>\u041c\u0430\u0440\u0438\u044f \u041b\u0438\u0431\u0440\u043e\u043d\u0442<br>Fischerstra\u00dfe 1a<br>40477 D\u00fcsseldorf<\/p>\n\n\n\n<p>Kontakt: Telefon auf Nachfrage <br>E-Mail: kontakt(\u00e4t)maria-libront.de<\/p>\n\n\n\n<p><\/p>\n\n\n\n<p>Verantwortlich f\u00fcr den Inhalt nach \u00a7 55 Abs. 2 RStV: <\/p>\n\n\n\n<p>\u041c\u0430\u0440\u0438\u044f \u041b\u0438\u0431\u0440\u043e\u043d\u0442<br>Fischerstra\u00dfe 1a<br>40477 D\u00fcsseldorf<\/p>\n\n\n\n<p><\/p>\n\n\n\n<p><strong>Haftungsausschluss:<\/strong> Die Informationen auf dieser Website werden mit gr\u00f6\u00dftm\u00f6glicher Sorgfalt erstellt. Dennoch wird keine Gew\u00e4hr f\u00fcr die Richtigkeit, Vollst\u00e4ndigkeit und Aktualit\u00e4t der bereitgestellten Inhalte \u00fcbernommen.<\/p>\n\n\n\n<p>Urheberrechtshinweis: Die durch die Seitenbetreiber erstellten Inhalte und Werke auf diesen Seiten unterliegen dem deutschen Urheberrecht. Die Vervielf\u00e4ltigung, Bearbeitung, Verbreitung und jede Art der Verwertung au\u00dferhalb der Grenzen des Urheberrechts bed\u00fcrfen der schriftlichen Zustimmung des jeweiligen Autors bzw. Erstellers.<\/p>\n\n\n\n<p>Links zu anderen Websites: Unser Angebot enth\u00e4lt Links zu externen Websites Dritter, auf deren Inhalte wir keinen Einfluss haben. F\u00fcr die Inhalte der verlinkten Seiten ist stets der jeweilige Anbieter oder Betreiber der Seiten verantwortlich. Eine permanente inhaltliche Kontrolle der verlinkten Seiten ist jedoch ohne konkrete Anhaltspunkte einer Rechtsverletzung nicht zumutbar.<\/p>\n\n\n\n<p><\/p>\n\n\n\n<h2 class=\"wp-block-heading has-medium-font-size\"><strong>Datenschutzerkl\u00e4rung<\/strong><\/h2>\n\n\n\n<p><em><strong>Wer wir sind: <\/strong><\/em>Unsere Website-Adresse lautet: https:\/\/maria-libront.de.<br><em><strong>Kommentare: <\/strong><\/em>Wenn Sie Kommentare auf unserer Website hinterlassen, sammeln wir die Daten, die im Kommentarformular angezeigt werden, sowie die IP-Adresse des Besuchers und den User-Agent-String (damit wird der Browser identifiziert), um die Erkennung von Spam zu unterst\u00fctzen.<\/p>\n\n\n\n<p>Aus Ihrer E-Mail-Adresse kann eine anonymisierte Zeichenfolge erstellt werden (auch Hash genannt) und dem Gravatar-Dienst \u00fcbergeben werden, um zu pr\u00fcfen, ob Sie diesen Dienst nutzen. Die Datenschutzerkl\u00e4rung des Gravatar-Dienstes finden Sie hier: https:\/\/automattic.com\/privacy\/. Nach Freigabe Ihres Kommentars ist Ihr Profilbild \u00f6ffentlich im Zusammenhang mit Ihrem Kommentar sichtbar.<br><em>Medien<\/em>: Wenn Sie als registrierter Benutzer Fotos auf diese Website hochladen, sollten Sie vermeiden, Fotos mit einem EXIF-GPS-Standort hochzuladen. Besucher dieser Website k\u00f6nnten Fotos, die hier gespeichert sind, herunterladen und deren Standortinformationen extrahieren.<br><strong><em>Cookies<\/em>: <\/strong>Wenn Sie einen Kommentar auf unserer Website hinterlassen, kann dies bedeuten, dass Ihr Name, Ihre E-Mail-Adresse und Ihre Website in Cookies gespeichert werden. Dies dient Ihrem Komfort, damit Sie bei einem weiteren Kommentar nicht erneut alle diese Daten eingeben m\u00fcssen. Diese Cookies werden ein Jahr lang gespeichert.<\/p>\n\n\n\n<p><em><strong>Eingebettete Inhalte von anderen Websites: <\/strong><\/em>Beitr\u00e4ge auf dieser Website k\u00f6nnen eingebettete Inhalte (z. B. Videos, Bilder, Beitr\u00e4ge usw.) enthalten. Eingebettete Inhalte von anderen Websites verhalten sich genauso, als ob Sie die andere Website besucht h\u00e4tten.<\/p>\n\n\n\n<p>Diese Websites k\u00f6nnen Daten \u00fcber Sie sammeln, Cookies verwenden, zus\u00e4tzliche Tracking-Dienste von Dritten einbetten und Ihre Interaktion mit diesem eingebetteten Inhalt aufzeichnen, einschlie\u00dflich Ihrer Interaktion mit dem eingebetteten Inhalt, falls Sie ein Konto haben und auf dieser Website angemeldet sind.<br><strong><em>Wie lange wir Ihre Daten speichern<\/em>: <\/strong>Kommentare inklusive Metadaten werden zeitlich unbegrenzt gespeichert, damit wir Folgekommentare automatisch erkennen und freigeben k\u00f6nnen, anstatt sie in einer Moderations-Warteschlange zu halten.<\/p>\n\n\n\n<p><strong><em>Welche Rechte Sie an Ihren Daten haben<\/em>:<\/strong> Wenn Sie ein Konto auf dieser Website haben oder Kommentare geschrieben haben, k\u00f6nnen Sie einen Export Ihrer personenbezogenen Daten bei uns anfordern, einschlie\u00dflich aller Daten, die Sie uns zur Verf\u00fcgung gestellt haben. Au\u00dferdem k\u00f6nnen Sie die L\u00f6schung aller personenbezogenen Daten, die wir von Ihnen gespeichert haben, anfordern. Dies betrifft nicht Daten, die wir aufgrund administrativer, rechtlicher oder sicherheitsrelevanter Notwendigkeiten aufbewahren m\u00fcssen.<br>Wohin Ihre Daten gesendet werden<\/p>\n\n\n\n<p>Besucher-Kommentare k\u00f6nnten von einem automatisierten Dienst zur Spam-Erkennung untersucht werden.<\/p>\n\n\n\n<p><\/p>","protected":false},"excerpt":{"rendered":"<p>Impressum Angaben gem\u00e4\u00df \u00a7 5 TMG: Maria LibrontFischerstra\u00dfe 1a40477 D\u00fcsseldorf Kontakt: Telefon auf Nachfrage E-Mail: kontakt(\u00e4t)maria-libront.de Verantwortlich f\u00fcr den Inhalt nach \u00a7 55 Abs. 2 RStV: Maria LibrontFischerstra\u00dfe 1a40477 D\u00fcsseldorf Haftungsausschluss: Die Informationen auf dieser Website werden mit gr\u00f6\u00dftm\u00f6glicher Sorgfalt erstellt. Dennoch wird keine Gew\u00e4hr f\u00fcr die Richtigkeit, Vollst\u00e4ndigkeit und Aktualit\u00e4t der bereitgestellten Inhalte \u00fcbernommen. [&hellip;]<\/p>\n","protected":false},"author":1,"featured_media":0,"parent":0,"menu_order":0,"comment_status":"closed","ping_status":"open","template":"","meta":{"_coblocks_attr":"","_coblocks_dimensions":"","_coblocks_responsive_height":"","_coblocks_accordion_ie_support":"","hide_page_title":"","footnotes":""},"class_list":["post-3","page","type-page","status-publish","hentry"],"_links":{"self":[{"href":"https:\/\/maria-libront.de\/ru\/wp-json\/wp\/v2\/pages\/3","targetHints":{"allow":["GET"]}}],"collection":[{"href":"https:\/\/maria-libront.de\/ru\/wp-json\/wp\/v2\/pages"}],"about":[{"href":"https:\/\/maria-libront.de\/ru\/wp-json\/wp\/v2\/types\/page"}],"author":[{"embeddable":true,"href":"https:\/\/maria-libront.de\/ru\/wp-json\/wp\/v2\/users\/1"}],"replies":[{"embeddable":true,"href":"https:\/\/maria-libront.de\/ru\/wp-json\/wp\/v2\/comments?post=3"}],"version-history":[{"count":9,"href":"https:\/\/maria-libront.de\/ru\/wp-json\/wp\/v2\/pages\/3\/revisions"}],"predecessor-version":[{"id":189,"href":"https:\/\/maria-libront.de\/ru\/wp-json\/wp\/v2\/pages\/3\/revisions\/189"}],"wp:attachment":[{"href":"https:\/\/maria-libront.de\/ru\/wp-json\/wp\/v2\/media?parent=3"}],"curies":[{"name":"wp","href":"https:\/\/api.w.org\/{rel}","templated":true}]}}