{"id":99,"date":"2023-12-02T08:18:41","date_gmt":"2023-12-02T08:18:41","guid":{"rendered":"https:\/\/maria-libront.de\/?page_id=99"},"modified":"2023-12-03T10:12:00","modified_gmt":"2023-12-03T10:12:00","slug":"familienhilfe","status":"publish","type":"page","link":"https:\/\/maria-libront.de\/ru\/familienhilfe\/","title":{"rendered":"\u0421\u0435\u043c\u0435\u0439\u043d\u0430\u044f \u043f\u043e\u043c\u043e\u0449\u044c"},"content":{"rendered":"<div class=\"wp-block-coblocks-shape-divider alignfull is-style-waves has-primary-color is-vertically-flipped is-horizontally-flipped mt-0 mb-0\" style=\"\" aria-hidden=\"true\">\n\t\t\t<div class=\"wp-block-coblocks-shape-divider__svg-wrapper\" style=\"height:100px;\">\n\t\t\t\t<svg class=\"divider--waves\" fill=\"\" xmlns=\"http:\/\/www.w3.org\/2000\/svg\" viewbox=\"0 0 1000 300\" preserveaspectratio=\"none\"><path d=\"M 1000 299 l 2 -279 c -155 -36 -310 135 -415 164 c -102.64 28.35 -149 -32 -232 -31 c -80 1 -142 53 -229 80 c -65.54 20.34 -101 15 -126 11.61 v 54.39 z\"><\/path><path d=\"M 1000 286 l 2 -252 c -157 -43 -302 144 -405 178 c -101.11 33.38 -159 -47 -242 -46 c -80 1 -145.09 54.07 -229 87 c -65.21 25.59 -104.07 16.72 -126 10.61 v 22.39 z\"><\/path><path d=\"M 1000 300 l 1 -230.29 c -217 -12.71 -300.47 129.15 -404 156.29 c -103 27 -174 -30 -257 -29 c -80 1 -130.09 37.07 -214 70 c -61.23 24 -108 15.61 -126 10.61 v 22.39 z\"><\/path><\/svg>\n\t\t\t<\/div>\n\t\t\t<div class=\"wp-block-coblocks-shape-divider__alt-wrapper\" style=\"height:50px;\"><\/div>\n\t\t<\/div>\n\n\n<h2 class=\"wp-block-heading has-quaternary-background-color has-background has-large-font-size\" style=\"font-size:25px\">\u041f\u043e\u043c\u043e\u0449\u044c \u0441\u0435\u043c\u044c\u0435 <\/h2>\n\n\n\n<p>\"\u041f\u043e\u043c\u043e\u0449\u044c \u043f\u043e \u0432\u043e\u0441\u043f\u0438\u0442\u0430\u043d\u0438\u044e \u0432 \u0441\u043e\u043e\u0442\u0432\u0435\u0442\u0441\u0442\u0432\u0438\u0438 \u0441 \u00a7 27 \u0438 \u0441\u043e\u0433\u043b\u0430\u0441\u043d\u043e \u0421\u043e\u0446\u0438\u0430\u043b\u044c\u043d\u043e\u043c\u0443 \u043a\u043e\u0434\u0435\u043a\u0441\u0443 VIII (SGB VIII) \u043f\u0440\u0435\u0434\u0441\u0442\u0430\u0432\u043b\u044f\u0435\u0442 \u0441\u043e\u0431\u043e\u0439 \u0438\u043d\u0434\u0438\u0432\u0438\u0434\u0443\u0430\u043b\u044c\u043d\u0443\u044e \u043f\u043e\u0434\u0434\u0435\u0440\u0436\u043a\u0443 \u0434\u043b\u044f \u0434\u0435\u0442\u0435\u0439, \u043f\u043e\u0434\u0440\u043e\u0441\u0442\u043a\u043e\u0432 \u0438 \u0438\u0445 \u0441\u0435\u043c\u044c\u044f\u043c. \u0414\u043b\u044f \u0441\u0435\u043c\u044c\u0438 \u0434\u0430\u043d\u043d\u043e\u0435 \u043f\u0440\u0435\u0434\u043b\u043e\u0436\u0435\u043d\u0438\u0435 \u0431\u0435\u0441\u043f\u043b\u0430\u0442\u043d\u043e.\"<\/p>\n\n\n\n<p>\u041c\u043e\u044f \u043e\u0441\u043d\u043e\u0432\u043d\u0430\u044f \u0437\u0430\u0434\u0430\u0447\u0430 - \u043f\u0440\u0435\u0434\u043e\u0441\u0442\u0430\u0432\u043b\u0435\u043d\u0438\u0435 \u043f\u043e\u043c\u043e\u0449\u0438 \u0441\u0435\u043c\u044c\u044f\u043c \u043f\u043e \u043c\u0435\u0441\u0442\u0443 \u043f\u0440\u043e\u0436\u0438\u0432\u0430\u043d\u0438\u044f, \u0441\u043e\u0437\u0434\u0430\u0432\u0430\u044f \u043e\u043f\u0442\u0438\u043c\u0430\u043b\u044c\u043d\u044b\u0435 \u0443\u0441\u043b\u043e\u0432\u0438\u044f \u0434\u043b\u044f \u0433\u0430\u0440\u043c\u043e\u043d\u0438\u0447\u043d\u043e\u0433\u043e \u0441\u043e\u0441\u0443\u0449\u0435\u0441\u0442\u0432\u043e\u0432\u0430\u043d\u0438\u044f. \u042d\u0442\u043e \u0432\u043a\u043b\u044e\u0447\u0430\u0435\u0442 \u0432 \u0441\u0435\u0431\u044f \u0442\u0430\u043a\u0436\u0435 \u0438 \u043a\u043b\u0438\u0440\u0438\u043d\u0433, \u043f\u0440\u0435\u0434\u043e\u0441\u0442\u0430\u0432\u043b\u044f\u0435\u043c\u044b\u0439 \u0442\u0430\u043a\u0436\u0435 \u043f\u043e \u043c\u0435\u0441\u0442\u0443 \u043f\u0440\u043e\u0436\u0438\u0432\u0430\u043d\u0438\u044f, \u043a\u043e\u0442\u043e\u0440\u044b\u0439 \u043d\u0435\u043e\u0431\u0445\u043e\u0434\u0438\u043c \u0434\u043b\u044f \u043f\u043e\u0434\u0434\u0435\u0440\u0436\u043a\u0438 \u0441\u0435\u043c\u0435\u0439, \u0434\u0435\u0442\u0435\u0439 \u0438 \u043f\u043e\u0434\u0440\u043e\u0441\u0442\u043a\u043e\u0432 \u043f\u043e\u043f\u0430\u0432\u0448\u0438\u0445 \u0432  \u0441\u043b\u043e\u0436\u043d\u0443\u044e \u0436\u0438\u0437\u043d\u0435\u043d\u043d\u0443\u044e \u0441\u0438\u0442\u0443\u0430\u0446\u0438\u044e. &nbsp;<\/p>\n\n\n\n<p>\u041f\u0440\u0438 \u043e\u043a\u0430\u0437\u0430\u043d\u0438\u0435 \u043f\u043e\u043c\u043e\u0449\u0438 \u043f\u043e \u0432\u043e\u0441\u043f\u0438\u0442\u0430\u043d\u0438\u044e, \u044f \u043e\u0441\u043d\u043e\u0432\u044b\u0432\u0430\u044e\u0441\u044c \u043d\u0430 \u0443\u0432\u0430\u0436\u0435\u043d\u0438\u0438 \u0438 \u043e\u0440\u0438\u0435\u043d\u0442\u0438\u0440\u0443\u044e\u0441\u044c \u043d\u0430 \u0438\u043c\u0435\u044e\u0449\u0438\u0435\u0441\u044f \u0441\u0435\u043c\u0435\u0439\u043d\u044b\u0435 \u0440\u0435\u0441\u0443\u0440\u0441\u044b. \u041c\u043e\u0435\u0439 \u0446\u0435\u043b\u044c\u044e \u044f\u0432\u043b\u044f\u0435\u0442\u0441\u044f \u0432\u044b\u044f\u0432\u043b\u0435\u043d\u0438\u0435 \u0441\u043f\u043e\u0441\u043e\u0431\u043d\u043e\u0441\u0442\u0435\u0439 \u0441\u0442\u043e\u0440\u043e\u043d \u0438 \u0438\u0445 \u0440\u0430\u0437\u0432\u0438\u0442\u0438\u0435 \u0432 \u0443\u043a\u0440\u0435\u043f\u043b\u0435\u043d\u0438\u0438 \u043e\u0442\u043d\u043e\u0448\u0435\u043d\u0438\u0439. \u041f\u0440\u0438 \u043c\u043e\u0451\u043c \u043f\u0440\u043e\u0444\u0435\u0441\u0441\u0438\u043e\u043d\u0430\u043b\u044c\u043d\u043e\u043c \u0441\u043e\u043f\u0440\u043e\u0432\u043e\u0436\u0434\u0435\u043d\u0438\u0438, \u043e\u0441\u043d\u043e\u0432\u0430\u043d\u044b\u043c \u043d\u0430 \u0441\u0442\u0440\u0435\u043c\u043b\u0435\u043d\u0438\u0438 \u0441\u043e\u0437\u0434\u0430\u0442\u044c \u0441\u0442\u0430\u0431\u0438\u043b\u044c\u043d\u0443\u044e \u0438 \u0431\u043b\u0430\u0433\u043e\u043f\u0440\u0438\u044f\u0442\u043d\u0443\u044e \u0441\u0440\u0435\u0434\u0443, \u0432 \u043a\u043e\u0442\u043e\u0440\u043e\u0439 \u0434\u0435\u0442\u0438 \u0438 \u043f\u043e\u0434\u0440\u043e\u0441\u0442\u043a\u0438 \u043c\u043e\u0433\u0443\u0442 \u0440\u0430\u0437\u0432\u0438\u0432\u0430\u0442\u044c\u0441\u044f, \u043f\u043e\u0434\u0434\u0435\u0440\u0436\u0438\u0432\u0430\u044f \u0441\u0432\u043e\u0438 \u0438\u043d\u0434\u0438\u0432\u0438\u0434\u0443\u0430\u043b\u044c\u043d\u044b\u0435 \u043f\u043e\u0442\u0440\u0435\u0431\u043d\u043e\u0441\u0442\u0438 \u0438 \u043f\u043e\u0442\u0435\u043d\u0446\u0438\u0430\u043b\u044b.<\/p>\n\n\n\n<p>\u0427\u0442\u043e\u0431\u044b \u043f\u043e\u043b\u0443\u0447\u0438\u0442\u044c \u0443\u0441\u043b\u0443\u0433\u0438 \u043f\u043e \u043c\u0435\u0441\u0442\u0443 \u0436\u0438\u0442\u0435\u043b\u044c\u0441\u0442\u0432\u0430 \u0441\u0435\u043c\u044c\u0438 \u0432 \u0440\u0430\u043c\u043a\u0430\u0445 \u043f\u043e\u043c\u043e\u0449\u0438 \u043f\u043e \u0432\u043e\u0441\u043f\u0438\u0442\u0430\u043d\u0438\u044e \u0432 \u0441\u043e\u043e\u0442\u0432\u0435\u0442\u0441\u0442\u0432\u0438\u0438 \u0441 \u00a7 27 \u0438 \u0441\u043e\u0446\u0438\u0430\u043b\u044c\u043d\u043e\u0433\u043e \u043a\u043e\u0434\u0435\u043a\u0441\u0430 VIII (SGB VIII), \u0434\u043e\u0441\u0442\u0430\u0442\u043e\u0447\u043d\u043e \u0440\u043e\u0434\u0438\u0442\u0435\u043b\u044f\u043c \u0438\u043b\u0438 \u043e\u043f\u0435\u043a\u0443\u043d\u0430\u043c \u043f\u0440\u0435\u0434\u043f\u0440\u0438\u043d\u044f\u0442\u044c \u0441\u043b\u0435\u0434\u0443\u044e\u0449\u0438\u0435 \u0448\u0430\u0433\u0438:<\/p>\n\n\n\n<details class=\"wp-block-details is-layout-flow wp-block-details-is-layout-flow\"><summary><em><strong><em><em>\u0421\u0432\u044f\u0437\u0430\u0442\u044c\u0441\u044f \u0441 \u043c\u0435\u0441\u0442\u043d\u044b\u043c \u0443\u043f\u0440\u0430\u0432\u043b\u0435\u043d\u0438\u0435\u043c \u043f\u043e \u0434\u0435\u043b\u0430\u043c \u043c\u043e\u043b\u043e\u0434\u0435\u0436\u0438 (Jugendamt).<\/em>:<\/em><\/strong><\/em><\/summary>\n<p>Der erste Schritt ist die Kontaktaufnahme mit dem \u00f6rtlichen Jugendamt oder einer entsprechenden Beratungsstelle. Dies kann pers\u00f6nlich, telefonisch oder auch schriftlich erfolgen.<\/p>\n<\/details>\n\n\n\n<details class=\"wp-block-details is-layout-flow wp-block-details-is-layout-flow\"><summary><em><em><strong><em>\u041e\u043f\u0438\u0441\u0430\u0442\u044c \u043f\u043e\u0442\u0440\u0435\u0431\u043d\u043e\u0441\u0442\u0438 \u0438 \u043f\u043e\u043f\u0440\u043e\u0441\u0438\u0442\u044c \u043e \u043f\u043e\u0434\u0434\u0435\u0440\u0436\u043a\u0435.<\/em><\/strong><\/em><\/em><\/summary>\n<p>Die Eltern sollten ihren Bedarf und ihre Gr\u00fcnde f\u00fcr die Beantragung aufsuchender Familienhilfe klar darlegen. Es ist wichtig zu erkl\u00e4ren, welche Herausforderungen oder Schwierigkeiten innerhalb der Familie bestehen und warum sie Unterst\u00fctzung ben\u00f6tigen.<\/p>\n<\/details>\n\n\n\n<details class=\"wp-block-details is-layout-flow wp-block-details-is-layout-flow\"><summary><em><em><strong>\u041a\u043e\u043d\u0441\u0443\u043b\u044c\u0442\u0430\u0446\u0438\u043e\u043d\u043d\u044b\u0439 \u0440\u0430\u0437\u0433\u043e\u0432\u043e\u0440 \u0438 \u0430\u043d\u0430\u043b\u0438\u0437 \u043f\u043e\u0442\u0440\u0435\u0431\u043d\u043e\u0441\u0442\u0435\u0439.<\/strong><\/em><\/em><\/summary>\n<p>Das Jugendamt wird in der Regel ein Beratungsgespr\u00e4ch anbieten, in dem die Situation der Familie genauer besprochen wird. Dabei wird eine Bedarfsanalyse durchgef\u00fchrt, um den genauen Unterst\u00fctzungsbedarf zu ermitteln.<\/p>\n\n\n\n<p><\/p>\n<\/details>\n\n\n\n<details class=\"wp-block-details is-layout-flow wp-block-details-is-layout-flow\"><summary><em><em><strong>\u0421\u043e\u0432\u043c\u0435\u0441\u0442\u043d\u0430\u044f \u0440\u0430\u0437\u0440\u0430\u0431\u043e\u0442\u043a\u0430 \u043f\u043b\u0430\u043d\u0430 \u043f\u043e\u0434\u0434\u0435\u0440\u0436\u043a\u0438.<\/strong><\/em><\/em><\/summary>\n<p>Nach der Bedarfsanalyse wird gemeinsam mit den Eltern ein individueller Unterst\u00fctzungsplan entwickelt. Hierbei werden die Ziele, Ma\u00dfnahmen und der Umfang der aufsuchenden Familienhilfe festgelegt.<\/p>\n<\/details>\n\n\n\n<details class=\"wp-block-details is-layout-flow wp-block-details-is-layout-flow\"><summary><em><em><strong>\u0421\u043e\u0442\u0440\u0443\u0434\u043d\u0438\u0447\u0435\u0441\u0442\u0432\u043e \u0438 \u043e\u0441\u0443\u0449\u0435\u0441\u0442\u0432\u043b\u0435\u043d\u0438\u0435 \u043f\u043b\u0430\u043d\u0430 \u043f\u043e\u0434\u0434\u0435\u0440\u0436\u043a\u0438.<\/strong><\/em><\/em><\/summary>\n<p>Nachdem der Unterst\u00fctzungsplan erstellt wurde, arbeiten die Familienmitglieder eng mit den Fachkr\u00e4ften der aufsuchenden Familienhilfe (mir) zusammen. Regelm\u00e4\u00dfige Treffen oder Hausbesuche finden statt, um den Plan umzusetzen und die Familie in ihrem gewohnten Umfeld zu unterst\u00fctzen.<\/p>\n<\/details>\n\n\n\n<p>\u0412\u0430\u0436\u043d\u043e \u043e\u0442\u043c\u0435\u0442\u0438\u0442\u044c, \u0447\u0442\u043e \u043a\u043e\u043d\u043a\u0440\u0435\u0442\u043d\u044b\u0435 \u043f\u0440\u043e\u0446\u0435\u0434\u0443\u0440\u044b \u0438 \u043f\u043e\u0434\u0445\u043e\u0434\u044b \u043c\u043e\u0433\u0443\u0442 \u0440\u0430\u0437\u043b\u0438\u0447\u0430\u0442\u044c\u0441\u044f \u0432 \u0437\u0430\u0432\u0438\u0441\u0438\u043c\u043e\u0441\u0442\u0438 \u043e\u0442 \u043c\u0435\u0441\u0442\u043d\u044b\u0445 \u0443\u0441\u043b\u043e\u0432\u0438\u0439 \u0438 \u0441\u043f\u0435\u0446\u0438\u0444\u0438\u0447\u0435\u0441\u043a\u0438\u0445 \u043f\u0440\u0430\u0432\u0438\u043b \u0443\u043f\u0440\u0430\u0432\u043b\u0435\u043d\u0438\u044f \u043f\u043e \u0434\u0435\u043b\u0430\u043c \u043c\u043e\u043b\u043e\u0434\u0435\u0436\u0438. \u041f\u043e\u044d\u0442\u043e\u043c\u0443 \u0440\u0435\u043a\u043e\u043c\u0435\u043d\u0434\u0443\u0435\u0442\u0441\u044f \u043d\u0435\u043f\u043e\u0441\u0440\u0435\u0434\u0441\u0442\u0432\u0435\u043d\u043d\u043e \u0441\u0432\u044f\u0437\u0430\u0442\u044c\u0441\u044f \u0441 \u043c\u0435\u0441\u0442\u043d\u044b\u043c \u0443\u043f\u0440\u0430\u0432\u043b\u0435\u043d\u0438\u0435\u043c \u043f\u043e \u0434\u0435\u043b\u0430\u043c \u043c\u043e\u043b\u043e\u0434\u0435\u0436\u0438, \u0447\u0442\u043e\u0431\u044b \u043f\u043e\u043b\u0443\u0447\u0438\u0442\u044c \u0431\u043e\u043b\u0435\u0435 \u043f\u043e\u0434\u0440\u043e\u0431\u043d\u0443\u044e \u0438\u043d\u0444\u043e\u0440\u043c\u0430\u0446\u0438\u044e \u043e \u043f\u0440\u043e\u0446\u0435\u0441\u0441\u0435 \u0438 \u0443\u0441\u043b\u043e\u0432\u0438\u044f\u0445 \u043f\u043e\u0434\u0430\u0447\u0438 \u0437\u0430\u044f\u0432\u043a\u0438 \u043d\u0430 \u0443\u0441\u043b\u0443\u0433\u0438 \u043f\u043e\u043c\u043e\u0449\u0438 \u043f\u043e \u043c\u0435\u0441\u0442\u0443 \u043f\u0440\u043e\u0436\u0438\u0432\u0430\u043d\u0438\u044f \u0441\u0435\u043c\u044c\u0438.<\/p>\n\n\n\n<p><\/p>\n\n\n\n<div class=\"wp-block-columns is-layout-flex wp-container-core-columns-is-layout-61ecc280 wp-block-columns-is-layout-flex\" style=\"padding-top:2.5rem;padding-right:2.5rem;padding-bottom:2.5rem;padding-left:2.5rem\">\n<div class=\"wp-block-column is-layout-flow wp-block-column-is-layout-flow\">\n<p class=\"has-text-align-center is-style-default coblocks-animate\" style=\"font-size:18px\" data-coblocks-animation=\"slideInBottom\"><strong>\u0415\u0441\u043b\u0438 \u0432\u044b \u0433\u043e\u0442\u043e\u0432\u044b \u0438 \u0441\u0442\u0440\u0435\u043c\u0438\u0442\u0435\u0441\u044c \u043a \u043f\u0435\u0440\u0435\u043c\u0435\u043d\u0430\u043c, \u0442\u043e \u043d\u0435 \u0441\u0442\u0435\u0441\u043d\u044f\u0439\u0442\u0435\u0441\u044c \u0441\u0432\u044f\u0437\u0430\u0442\u044c\u0441\u044f \u0441\u043e \u043c\u043d\u043e\u0439. \u0412\u043c\u0435\u0441\u0442\u0435 \u043c\u044b \u043c\u043e\u0436\u0435\u043c \u043d\u0430\u0439\u0442\u0438 \u0441\u043f\u043e\u0441\u043e\u0431\u044b \u0443\u043b\u0443\u0447\u0448\u0438\u0442\u044c \u0441\u0435\u043c\u0435\u0439\u043d\u0443\u044e \u0436\u0438\u0437\u043d\u044c \u0438 \u0441\u043e\u0437\u0434\u0430\u0442\u044c  \u0432 \u0441\u0435\u043c\u044c\u0435 \u0431\u043e\u043b\u044c\u0448\u0435 \u0433\u0430\u0440\u043c\u043e\u043d\u0438\u0438 \u0438 \u0441\u043e\u0433\u043b\u0430\u0441\u0438\u044f.<\/strong><\/p>\n<\/div>\n<\/div>\n\n\n<div class=\"wp-block-coblocks-shape-divider alignfull is-style-waves has-primary-color mt-0 mb-0\" style=\"\" aria-hidden=\"true\">\n\t\t\t<div class=\"wp-block-coblocks-shape-divider__svg-wrapper\" style=\"height:100px;\">\n\t\t\t\t<svg class=\"divider--waves\" fill=\"\" xmlns=\"http:\/\/www.w3.org\/2000\/svg\" viewbox=\"0 0 1000 300\" preserveaspectratio=\"none\"><path d=\"M 1000 299 l 2 -279 c -155 -36 -310 135 -415 164 c -102.64 28.35 -149 -32 -232 -31 c -80 1 -142 53 -229 80 c -65.54 20.34 -101 15 -126 11.61 v 54.39 z\"><\/path><path d=\"M 1000 286 l 2 -252 c -157 -43 -302 144 -405 178 c -101.11 33.38 -159 -47 -242 -46 c -80 1 -145.09 54.07 -229 87 c -65.21 25.59 -104.07 16.72 -126 10.61 v 22.39 z\"><\/path><path d=\"M 1000 300 l 1 -230.29 c -217 -12.71 -300.47 129.15 -404 156.29 c -103 27 -174 -30 -257 -29 c -80 1 -130.09 37.07 -214 70 c -61.23 24 -108 15.61 -126 10.61 v 22.39 z\"><\/path><\/svg>\n\t\t\t<\/div>\n\t\t\t<div class=\"wp-block-coblocks-shape-divider__alt-wrapper\" style=\"height:50px;\"><\/div>\n\t\t<\/div>","protected":false},"excerpt":{"rendered":"<p>Ambulante Familienhilfe Die Hilfen zur Erziehung gem\u00e4\u00df \u00a7 27 ff des Sozialgesetzbuches VIII (SGB VIII) stellen ein ma\u00dfgeschneidertes Unterst\u00fctzungsangebot f\u00fcr Kinder, Jugendliche und ihre Familien dar. F\u00fcr die Familie ist das Angebot kostenfrei. Mein Fokus liegt auf der Bereitstellung von aufsuchender Familienhilfe, um Familien in ihrem vertrauten Umfeld zu unterst\u00fctzen und optimale Voraussetzungen f\u00fcr ein [&hellip;]<\/p>\n","protected":false},"author":1,"featured_media":0,"parent":0,"menu_order":0,"comment_status":"closed","ping_status":"closed","template":"","meta":{"_coblocks_attr":"","_coblocks_dimensions":"","_coblocks_responsive_height":"","_coblocks_accordion_ie_support":"","hide_page_title":"","footnotes":""},"class_list":["post-99","page","type-page","status-publish","hentry"],"_links":{"self":[{"href":"https:\/\/maria-libront.de\/ru\/wp-json\/wp\/v2\/pages\/99","targetHints":{"allow":["GET"]}}],"collection":[{"href":"https:\/\/maria-libront.de\/ru\/wp-json\/wp\/v2\/pages"}],"about":[{"href":"https:\/\/maria-libront.de\/ru\/wp-json\/wp\/v2\/types\/page"}],"author":[{"embeddable":true,"href":"https:\/\/maria-libront.de\/ru\/wp-json\/wp\/v2\/users\/1"}],"replies":[{"embeddable":true,"href":"https:\/\/maria-libront.de\/ru\/wp-json\/wp\/v2\/comments?post=99"}],"version-history":[{"count":12,"href":"https:\/\/maria-libront.de\/ru\/wp-json\/wp\/v2\/pages\/99\/revisions"}],"predecessor-version":[{"id":216,"href":"https:\/\/maria-libront.de\/ru\/wp-json\/wp\/v2\/pages\/99\/revisions\/216"}],"wp:attachment":[{"href":"https:\/\/maria-libront.de\/ru\/wp-json\/wp\/v2\/media?parent=99"}],"curies":[{"name":"wp","href":"https:\/\/api.w.org\/{rel}","templated":true}]}}